{"id":167,"date":"2026-04-17T17:57:49","date_gmt":"2026-04-17T17:57:49","guid":{"rendered":"https:\/\/anhnoc.azdigi.shop\/?post_type=product&#038;p=167"},"modified":"2026-04-19T09:36:14","modified_gmt":"2026-04-19T09:36:14","slug":"abeline-dress","status":"publish","type":"product","link":"https:\/\/anhnoc.azdigi.shop\/?product=abeline-dress","title":{"rendered":"Abeline Dress"},"content":{"rendered":"<h1 data-start=\"441\" data-end=\"476\" data-section-id=\"1ca9vjz\"><a href=\"https:\/\/anhnoc.azdigi.shop\/?post_type=product&amp;p=167&amp;preview=true\">V\u00e1y Abeline Thanh L\u1ecbch V\u00e0 N\u1eef T\u00ednh<\/a><\/h1>\n<h2 data-start=\"478\" data-end=\"497\" data-section-id=\"195wg5l\">M\u00f4 t\u1ea3 s\u1ea3n ph\u1ea9m<\/h2>\n<p data-start=\"498\" data-end=\"720\"><strong data-start=\"498\" data-end=\"513\">V\u00e1y Abeline<\/strong> l\u00e0 l\u1ef1a ch\u1ecdn ph\u00f9 h\u1ee3p cho nh\u1eefng ai y\u00eau th\u00edch phong c\u00e1ch nh\u1eb9 nh\u00e0ng v\u00e0 tinh t\u1ebf. Thi\u1ebft k\u1ebf c\u1ee7a m\u1eabu v\u00e1y n\u00e0y h\u01b0\u1edbng \u0111\u1ebfn s\u1ef1 \u0111\u01a1n gi\u1ea3n nh\u01b0ng v\u1eabn n\u1ed5i b\u1eadt. Nh\u1edd \u0111\u00f3, ng\u01b0\u1eddi m\u1eb7c c\u00f3 th\u1ec3 t\u1ef1 tin trong nhi\u1ec1u ho\u00e0n c\u1ea3nh kh\u00e1c nhau.<\/p>\n<p data-start=\"722\" data-end=\"902\">Ki\u1ec3u d\u00e1ng c\u1ee7a s\u1ea3n ph\u1ea9m gi\u00fap t\u00f4n l\u00ean \u0111\u01b0\u1eddng n\u00e9t c\u01a1 th\u1ec3. Ph\u1ea7n form \u0111\u01b0\u1ee3c x\u1eed l\u00fd g\u1ecdn g\u00e0ng, t\u1ea1o c\u1ea3m gi\u00e1c c\u00e2n \u0111\u1ed1i. B\u00ean c\u1ea1nh \u0111\u00f3, chi\u1ebfc v\u00e1y mang l\u1ea1i s\u1ef1 tho\u1ea3i m\u00e1i khi m\u1eb7c trong th\u1eddi gian d\u00e0i.<\/p>\n<h2 data-start=\"904\" data-end=\"925\" data-section-id=\"1jpgjxa\">\u0110\u1eb7c \u0111i\u1ec3m n\u1ed5i b\u1eadt<\/h2>\n<h3 data-start=\"927\" data-end=\"952\" data-section-id=\"a2wtvf\">Thi\u1ebft k\u1ebf thanh l\u1ecbch<\/h3>\n<p data-start=\"953\" data-end=\"1051\"><strong data-start=\"953\" data-end=\"968\">V\u00e1y Abeline<\/strong> c\u00f3 ki\u1ec3u d\u00e1ng tinh t\u1ebf v\u00e0 d\u1ec5 m\u1eb7c. Trang ph\u1ee5c ph\u00f9 h\u1ee3p v\u1edbi nhi\u1ec1u phong c\u00e1ch kh\u00e1c nhau.<\/p>\n<h3 data-start=\"1053\" data-end=\"1078\" data-section-id=\"1khx3tj\">Ch\u1ea5t li\u1ec7u tho\u1ea3i m\u00e1i<\/h3>\n<p data-start=\"1079\" data-end=\"1168\">S\u1ea3n ph\u1ea9m \u0111\u01b0\u1ee3c l\u00e0m t\u1eeb ch\u1ea5t li\u1ec7u nh\u1eb9 v\u00e0 m\u1ec1m. \u0110i\u1ec1u n\u00e0y gi\u00fap ng\u01b0\u1eddi m\u1eb7c lu\u00f4n c\u1ea3m th\u1ea5y d\u1ec5 ch\u1ecbu.<\/p>\n<h3 data-start=\"1170\" data-end=\"1186\" data-section-id=\"li72ud\">D\u1ec5 ph\u1ed1i \u0111\u1ed3<\/h3>\n<p data-start=\"1187\" data-end=\"1307\">B\u1ea1n c\u00f3 th\u1ec3 k\u1ebft h\u1ee3p <strong data-start=\"1206\" data-end=\"1221\">v\u00e1y Abeline<\/strong> v\u1edbi nhi\u1ec1u lo\u1ea1i ph\u1ee5 ki\u1ec7n kh\u00e1c nhau. \u0110i\u1ec1u n\u00e0y gi\u00fap t\u1ea1o n\u00ean nhi\u1ec1u phong c\u00e1ch ri\u00eang bi\u1ec7t.<\/p>\n<h2 data-start=\"1309\" data-end=\"1326\" data-section-id=\"1f70isu\">C\u00e1ch ph\u1ed1i \u0111\u1ed3<\/h2>\n<p data-start=\"1327\" data-end=\"1524\">B\u1ea1n c\u00f3 th\u1ec3 k\u1ebft h\u1ee3p <strong data-start=\"1346\" data-end=\"1361\">v\u00e1y Abeline<\/strong> v\u1edbi gi\u00e0y cao g\u00f3t \u0111\u1ec3 t\u1ea1o v\u1ebb ngo\u00e0i thanh l\u1ecbch. N\u1ebfu mu\u1ed1n tr\u1ebb trung h\u01a1n, b\u1ea1n c\u00f3 th\u1ec3 ch\u1ecdn gi\u00e0y b\u00fap b\u00ea ho\u1eb7c sandal. M\u1ed9t chi\u1ebfc t\u00fai x\u00e1ch nh\u1ecf s\u1ebd gi\u00fap t\u1ed5ng th\u1ec3 h\u00e0i h\u00f2a h\u01a1n.<\/p>\n<h2 data-start=\"1526\" data-end=\"1553\" data-section-id=\"1otndz2\">Ph\u00f9 h\u1ee3p trong d\u1ecbp n\u00e0o?<\/h2>\n<p data-start=\"1554\" data-end=\"1671\">Trang ph\u1ee5c n\u00e0y ph\u00f9 h\u1ee3p khi \u0111i l\u00e0m, d\u1ea1o ph\u1ed1 ho\u1eb7c g\u1eb7p g\u1ee1 b\u1ea1n b\u00e8. Ngo\u00e0i ra, b\u1ea1n c\u0169ng c\u00f3 th\u1ec3 m\u1eb7c trong c\u00e1c bu\u1ed5i ti\u1ec7c nh\u1eb9.<\/p>\n<h2 data-start=\"1673\" data-end=\"1686\" data-section-id=\"r751zz\">K\u1ebft lu\u1eadn<\/h2>\n<p data-start=\"1687\" data-end=\"1822\">V\u1edbi thi\u1ebft k\u1ebf tinh t\u1ebf v\u00e0 d\u1ec5 \u1ee9ng d\u1ee5ng, <strong data-start=\"1724\" data-end=\"1739\">v\u00e1y Abeline<\/strong> l\u00e0 l\u1ef1a ch\u1ecdn \u0111\u00e1ng c\u00e2n nh\u1eafc. Ch\u1ec9 c\u1ea7n ph\u1ed1i \u0111\u1ed3 ph\u00f9 h\u1ee3p, b\u1ea1n s\u1ebd lu\u00f4n t\u1ef1 tin v\u00e0 n\u1ed5i b\u1eadt.<\/p>\n","protected":false},"excerpt":{"rendered":"<p data-start=\"970\" data-end=\"1074\">Thi\u1ebft k\u1ebf \u0111\u01a1n gi\u1ea3n nh\u01b0ng tinh t\u1ebf v\u00e0 n\u1eef t\u00ednh. Ph\u00f9 h\u1ee3p cho nhi\u1ec1u d\u1ecbp s\u1eed d\u1ee5ng kh\u00e1c nhau.<\/p>\n<p data-start=\"1076\" data-end=\"1184\">\n","protected":false},"featured_media":168,"comment_status":"open","ping_status":"closed","template":"","meta":[],"product_brand":[24],"product_cat":[22,17],"product_tag":[],"class_list":{"0":"post-167","1":"product","2":"type-product","3":"status-publish","4":"has-post-thumbnail","6":"product_brand-olv","7":"product_cat-dam","8":"product_cat-san-pham-yeu-thich","10":"first","11":"instock","12":"shipping-taxable","13":"purchasable","14":"product-type-variable"},"yoast_head":"<!-- This site is optimized with the Yoast SEO plugin v27.1.1 - https:\/\/yoast.com\/product\/yoast-seo-wordpress\/ -->\n<title>Abeline Dress - Quanao<\/title>\n<meta name=\"description\" content=\"V\u00e1y Abeline mang phong c\u00e1ch thanh l\u1ecbch v\u00e0 n\u1eef t\u00ednh. Thi\u1ebft k\u1ebf hi\u1ec7n \u0111\u1ea1i, d\u1ec5 ph\u1ed1i \u0111\u1ed3, ph\u00f9 h\u1ee3p \u0111i l\u00e0m, d\u1ea1o ph\u1ed1 ho\u1eb7c d\u1ef1 ti\u1ec7c nh\u1eb9.\" \/>\n<meta name=\"robots\" content=\"index, follow, max-snippet:-1, max-image-preview:large, max-video-preview:-1\" \/>\n<link rel=\"canonical\" href=\"https:\/\/anhnoc.azdigi.shop\/?product=abeline-dress\" \/>\n<meta property=\"og:locale\" content=\"vi_VN\" \/>\n<meta property=\"og:type\" content=\"article\" \/>\n<meta property=\"og:title\" content=\"Abeline Dress - Quanao\" \/>\n<meta property=\"og:description\" content=\"V\u00e1y Abeline mang phong c\u00e1ch thanh l\u1ecbch v\u00e0 n\u1eef t\u00ednh. Thi\u1ebft k\u1ebf hi\u1ec7n \u0111\u1ea1i, d\u1ec5 ph\u1ed1i \u0111\u1ed3, ph\u00f9 h\u1ee3p \u0111i l\u00e0m, d\u1ea1o ph\u1ed1 ho\u1eb7c d\u1ef1 ti\u1ec7c nh\u1eb9.\" \/>\n<meta property=\"og:url\" content=\"https:\/\/anhnoc.azdigi.shop\/?product=abeline-dress\" \/>\n<meta property=\"og:site_name\" content=\"Quanao\" \/>\n<meta property=\"article:modified_time\" content=\"2026-04-19T09:36:14+00:00\" \/>\n<meta property=\"og:image\" content=\"https:\/\/anhnoc.azdigi.shop\/wp-content\/uploads\/2026\/04\/d_11076-2_eeca54d584ad461d85afa300d7e64e4f_master-683x1024.png\" \/>\n\t<meta property=\"og:image:width\" content=\"683\" \/>\n\t<meta property=\"og:image:height\" content=\"1024\" \/>\n\t<meta property=\"og:image:type\" content=\"image\/png\" \/>\n<meta name=\"twitter:card\" content=\"summary_large_image\" \/>\n<meta name=\"twitter:label1\" content=\"\u01af\u1edbc t\u00ednh th\u1eddi gian \u0111\u1ecdc\" \/>\n\t<meta name=\"twitter:data1\" content=\"2 ph\u00fat\" \/>\n<script type=\"application\/ld+json\" class=\"yoast-schema-graph\">{\"@context\":\"https:\/\/schema.org\",\"@graph\":[{\"@type\":\"WebPage\",\"@id\":\"https:\/\/anhnoc.azdigi.shop\/?product=abeline-dress\",\"url\":\"https:\/\/anhnoc.azdigi.shop\/?product=abeline-dress\",\"name\":\"Abeline Dress - Quanao\",\"isPartOf\":{\"@id\":\"https:\/\/anhnoc.azdigi.shop\/#website\"},\"primaryImageOfPage\":{\"@id\":\"https:\/\/anhnoc.azdigi.shop\/?product=abeline-dress#primaryimage\"},\"image\":{\"@id\":\"https:\/\/anhnoc.azdigi.shop\/?product=abeline-dress#primaryimage\"},\"thumbnailUrl\":\"https:\/\/anhnoc.azdigi.shop\/wp-content\/uploads\/2026\/04\/d_11076-2_eeca54d584ad461d85afa300d7e64e4f_master.png\",\"datePublished\":\"2026-04-17T17:57:49+00:00\",\"dateModified\":\"2026-04-19T09:36:14+00:00\",\"description\":\"V\u00e1y Abeline mang phong c\u00e1ch thanh l\u1ecbch v\u00e0 n\u1eef t\u00ednh. Thi\u1ebft k\u1ebf hi\u1ec7n \u0111\u1ea1i, d\u1ec5 ph\u1ed1i \u0111\u1ed3, ph\u00f9 h\u1ee3p \u0111i l\u00e0m, d\u1ea1o ph\u1ed1 ho\u1eb7c d\u1ef1 ti\u1ec7c nh\u1eb9.\",\"breadcrumb\":{\"@id\":\"https:\/\/anhnoc.azdigi.shop\/?product=abeline-dress#breadcrumb\"},\"inLanguage\":\"vi\",\"potentialAction\":[{\"@type\":\"ReadAction\",\"target\":[\"https:\/\/anhnoc.azdigi.shop\/?product=abeline-dress\"]}]},{\"@type\":\"ImageObject\",\"inLanguage\":\"vi\",\"@id\":\"https:\/\/anhnoc.azdigi.shop\/?product=abeline-dress#primaryimage\",\"url\":\"https:\/\/anhnoc.azdigi.shop\/wp-content\/uploads\/2026\/04\/d_11076-2_eeca54d584ad461d85afa300d7e64e4f_master.png\",\"contentUrl\":\"https:\/\/anhnoc.azdigi.shop\/wp-content\/uploads\/2026\/04\/d_11076-2_eeca54d584ad461d85afa300d7e64e4f_master.png\",\"width\":1365,\"height\":2048},{\"@type\":\"BreadcrumbList\",\"@id\":\"https:\/\/anhnoc.azdigi.shop\/?product=abeline-dress#breadcrumb\",\"itemListElement\":[{\"@type\":\"ListItem\",\"position\":1,\"name\":\"Trang ch\u1ee7\",\"item\":\"https:\/\/anhnoc.azdigi.shop\/\"},{\"@type\":\"ListItem\",\"position\":2,\"name\":\"C\u1eeda h\u00e0ng\",\"item\":\"https:\/\/anhnoc.azdigi.shop\/?page_id=128\"},{\"@type\":\"ListItem\",\"position\":3,\"name\":\"Abeline Dress\"}]},{\"@type\":\"WebSite\",\"@id\":\"https:\/\/anhnoc.azdigi.shop\/#website\",\"url\":\"https:\/\/anhnoc.azdigi.shop\/\",\"name\":\"Quanao\",\"description\":\"\",\"potentialAction\":[{\"@type\":\"SearchAction\",\"target\":{\"@type\":\"EntryPoint\",\"urlTemplate\":\"https:\/\/anhnoc.azdigi.shop\/?s={search_term_string}\"},\"query-input\":{\"@type\":\"PropertyValueSpecification\",\"valueRequired\":true,\"valueName\":\"search_term_string\"}}],\"inLanguage\":\"vi\"}]}<\/script>\n<!-- \/ Yoast SEO plugin. -->","yoast_head_json":{"title":"Abeline Dress - Quanao","description":"V\u00e1y Abeline mang phong c\u00e1ch thanh l\u1ecbch v\u00e0 n\u1eef t\u00ednh. Thi\u1ebft k\u1ebf hi\u1ec7n \u0111\u1ea1i, d\u1ec5 ph\u1ed1i \u0111\u1ed3, ph\u00f9 h\u1ee3p \u0111i l\u00e0m, d\u1ea1o ph\u1ed1 ho\u1eb7c d\u1ef1 ti\u1ec7c nh\u1eb9.","robots":{"index":"index","follow":"follow","max-snippet":"max-snippet:-1","max-image-preview":"max-image-preview:large","max-video-preview":"max-video-preview:-1"},"canonical":"https:\/\/anhnoc.azdigi.shop\/?product=abeline-dress","og_locale":"vi_VN","og_type":"article","og_title":"Abeline Dress - Quanao","og_description":"V\u00e1y Abeline mang phong c\u00e1ch thanh l\u1ecbch v\u00e0 n\u1eef t\u00ednh. Thi\u1ebft k\u1ebf hi\u1ec7n \u0111\u1ea1i, d\u1ec5 ph\u1ed1i \u0111\u1ed3, ph\u00f9 h\u1ee3p \u0111i l\u00e0m, d\u1ea1o ph\u1ed1 ho\u1eb7c d\u1ef1 ti\u1ec7c nh\u1eb9.","og_url":"https:\/\/anhnoc.azdigi.shop\/?product=abeline-dress","og_site_name":"Quanao","article_modified_time":"2026-04-19T09:36:14+00:00","og_image":[{"width":683,"height":1024,"url":"https:\/\/anhnoc.azdigi.shop\/wp-content\/uploads\/2026\/04\/d_11076-2_eeca54d584ad461d85afa300d7e64e4f_master-683x1024.png","type":"image\/png"}],"twitter_card":"summary_large_image","twitter_misc":{"\u01af\u1edbc t\u00ednh th\u1eddi gian \u0111\u1ecdc":"2 ph\u00fat"},"schema":{"@context":"https:\/\/schema.org","@graph":[{"@type":"WebPage","@id":"https:\/\/anhnoc.azdigi.shop\/?product=abeline-dress","url":"https:\/\/anhnoc.azdigi.shop\/?product=abeline-dress","name":"Abeline Dress - Quanao","isPartOf":{"@id":"https:\/\/anhnoc.azdigi.shop\/#website"},"primaryImageOfPage":{"@id":"https:\/\/anhnoc.azdigi.shop\/?product=abeline-dress#primaryimage"},"image":{"@id":"https:\/\/anhnoc.azdigi.shop\/?product=abeline-dress#primaryimage"},"thumbnailUrl":"https:\/\/anhnoc.azdigi.shop\/wp-content\/uploads\/2026\/04\/d_11076-2_eeca54d584ad461d85afa300d7e64e4f_master.png","datePublished":"2026-04-17T17:57:49+00:00","dateModified":"2026-04-19T09:36:14+00:00","description":"V\u00e1y Abeline mang phong c\u00e1ch thanh l\u1ecbch v\u00e0 n\u1eef t\u00ednh. Thi\u1ebft k\u1ebf hi\u1ec7n \u0111\u1ea1i, d\u1ec5 ph\u1ed1i \u0111\u1ed3, ph\u00f9 h\u1ee3p \u0111i l\u00e0m, d\u1ea1o ph\u1ed1 ho\u1eb7c d\u1ef1 ti\u1ec7c nh\u1eb9.","breadcrumb":{"@id":"https:\/\/anhnoc.azdigi.shop\/?product=abeline-dress#breadcrumb"},"inLanguage":"vi","potentialAction":[{"@type":"ReadAction","target":["https:\/\/anhnoc.azdigi.shop\/?product=abeline-dress"]}]},{"@type":"ImageObject","inLanguage":"vi","@id":"https:\/\/anhnoc.azdigi.shop\/?product=abeline-dress#primaryimage","url":"https:\/\/anhnoc.azdigi.shop\/wp-content\/uploads\/2026\/04\/d_11076-2_eeca54d584ad461d85afa300d7e64e4f_master.png","contentUrl":"https:\/\/anhnoc.azdigi.shop\/wp-content\/uploads\/2026\/04\/d_11076-2_eeca54d584ad461d85afa300d7e64e4f_master.png","width":1365,"height":2048},{"@type":"BreadcrumbList","@id":"https:\/\/anhnoc.azdigi.shop\/?product=abeline-dress#breadcrumb","itemListElement":[{"@type":"ListItem","position":1,"name":"Trang ch\u1ee7","item":"https:\/\/anhnoc.azdigi.shop\/"},{"@type":"ListItem","position":2,"name":"C\u1eeda h\u00e0ng","item":"https:\/\/anhnoc.azdigi.shop\/?page_id=128"},{"@type":"ListItem","position":3,"name":"Abeline Dress"}]},{"@type":"WebSite","@id":"https:\/\/anhnoc.azdigi.shop\/#website","url":"https:\/\/anhnoc.azdigi.shop\/","name":"Quanao","description":"","potentialAction":[{"@type":"SearchAction","target":{"@type":"EntryPoint","urlTemplate":"https:\/\/anhnoc.azdigi.shop\/?s={search_term_string}"},"query-input":{"@type":"PropertyValueSpecification","valueRequired":true,"valueName":"search_term_string"}}],"inLanguage":"vi"}]}},"_links":{"self":[{"href":"https:\/\/anhnoc.azdigi.shop\/index.php?rest_route=\/wp\/v2\/product\/167","targetHints":{"allow":["GET"]}}],"collection":[{"href":"https:\/\/anhnoc.azdigi.shop\/index.php?rest_route=\/wp\/v2\/product"}],"about":[{"href":"https:\/\/anhnoc.azdigi.shop\/index.php?rest_route=\/wp\/v2\/types\/product"}],"replies":[{"embeddable":true,"href":"https:\/\/anhnoc.azdigi.shop\/index.php?rest_route=%2Fwp%2Fv2%2Fcomments&post=167"}],"wp:featuredmedia":[{"embeddable":true,"href":"https:\/\/anhnoc.azdigi.shop\/index.php?rest_route=\/wp\/v2\/media\/168"}],"wp:attachment":[{"href":"https:\/\/anhnoc.azdigi.shop\/index.php?rest_route=%2Fwp%2Fv2%2Fmedia&parent=167"}],"wp:term":[{"taxonomy":"product_brand","embeddable":true,"href":"https:\/\/anhnoc.azdigi.shop\/index.php?rest_route=%2Fwp%2Fv2%2Fproduct_brand&post=167"},{"taxonomy":"product_cat","embeddable":true,"href":"https:\/\/anhnoc.azdigi.shop\/index.php?rest_route=%2Fwp%2Fv2%2Fproduct_cat&post=167"},{"taxonomy":"product_tag","embeddable":true,"href":"https:\/\/anhnoc.azdigi.shop\/index.php?rest_route=%2Fwp%2Fv2%2Fproduct_tag&post=167"}],"curies":[{"name":"wp","href":"https:\/\/api.w.org\/{rel}","templated":true}]}}