{"id":187,"date":"2026-04-17T18:10:28","date_gmt":"2026-04-17T18:10:28","guid":{"rendered":"https:\/\/anhnoc.azdigi.shop\/?post_type=product&#038;p=187"},"modified":"2026-04-19T09:31:24","modified_gmt":"2026-04-19T09:31:24","slug":"ivory-chiffon-one-shoulder-layered-mini-dress","status":"publish","type":"product","link":"https:\/\/anhnoc.azdigi.shop\/?product=ivory-chiffon-one-shoulder-layered-mini-dress","title":{"rendered":"Ivory Chiffon One Shoulder Layered Mini Dress"},"content":{"rendered":"<h1 data-start=\"515\" data-end=\"562\" data-section-id=\"1m0vzrc\">\u0110\u1ea7m L\u1ec7ch Vai Chiffon Ivory Layered Mini Dress<\/h1>\n<h2 data-start=\"564\" data-end=\"583\" data-section-id=\"195wg5l\">M\u00f4 t\u1ea3 s\u1ea3n ph\u1ea9m<\/h2>\n<p data-start=\"584\" data-end=\"791\"><strong data-start=\"584\" data-end=\"600\">\u0110\u1ea7m l\u1ec7ch vai<\/strong> chiffon m\u00e0u ivory mang phong c\u00e1ch thanh l\u1ecbch v\u00e0 n\u1eef t\u00ednh. Thi\u1ebft k\u1ebf m\u1ed9t vai gi\u00fap t\u00f4n l\u00ean ph\u1ea7n c\u1ed5 v\u00e0 vai m\u1ed9t c\u00e1ch tinh t\u1ebf. Ki\u1ec3u d\u00e1ng n\u00e0y t\u1ea1o \u0111i\u1ec3m nh\u1ea5n kh\u00e1c bi\u1ec7t nh\u01b0ng v\u1eabn gi\u1eef \u0111\u01b0\u1ee3c s\u1ef1 nh\u1eb9 nh\u00e0ng.<\/p>\n<p data-start=\"793\" data-end=\"977\">Ch\u1ea5t li\u1ec7u chiffon m\u1ec1m m\u1ea1i mang l\u1ea1i c\u1ea3m gi\u00e1c bay b\u1ed5ng. C\u00e1c l\u1edbp v\u00e1y \u0111\u01b0\u1ee3c x\u1ebfp t\u1ea7ng gi\u00fap t\u1ed5ng th\u1ec3 th\u00eam ph\u1ea7n duy\u00ean d\u00e1ng. Thi\u1ebft k\u1ebf mini dress gi\u00fap ng\u01b0\u1eddi m\u1eb7c tr\u00f4ng tr\u1ebb trung v\u00e0 n\u0103ng \u0111\u1ed9ng h\u01a1n.<\/p>\n<h2 data-start=\"979\" data-end=\"1000\" data-section-id=\"1jpgjxa\">\u0110\u1eb7c \u0111i\u1ec3m n\u1ed5i b\u1eadt<\/h2>\n<h3 data-start=\"1002\" data-end=\"1034\" data-section-id=\"1q0dtvn\">Thi\u1ebft k\u1ebf l\u1ec7ch vai hi\u1ec7n \u0111\u1ea1i<\/h3>\n<p data-start=\"1035\" data-end=\"1149\">Ph\u1ea7n vai \u0111\u01b0\u1ee3c thi\u1ebft k\u1ebf b\u1ea5t \u0111\u1ed1i x\u1ee9ng, t\u1ea1o n\u00e9t cu\u1ed1n h\u00fat ri\u00eang. Ki\u1ec3u d\u00e1ng n\u00e0y ph\u00f9 h\u1ee3p v\u1edbi nhi\u1ec1u phong c\u00e1ch kh\u00e1c nhau.<\/p>\n<h3 data-start=\"1151\" data-end=\"1181\" data-section-id=\"z5j1fk\">Layer nhi\u1ec1u t\u1ea7ng m\u1ec1m m\u1ea1i<\/h3>\n<p data-start=\"1182\" data-end=\"1273\">C\u00e1c l\u1edbp v\u1ea3i \u0111\u01b0\u1ee3c x\u1eed l\u00fd tinh t\u1ebf. \u0110i\u1ec1u n\u00e0y gi\u00fap chi\u1ebfc v\u00e1y tr\u00f4ng nh\u1eb9 nh\u00e0ng v\u00e0 uy\u1ec3n chuy\u1ec3n h\u01a1n.<\/p>\n<h3 data-start=\"1275\" data-end=\"1301\" data-section-id=\"1qwkhma\">M\u00e0u ivory thanh l\u1ecbch<\/h3>\n<p data-start=\"1302\" data-end=\"1395\">T\u00f4ng m\u00e0u ivory mang l\u1ea1i c\u1ea3m gi\u00e1c trang nh\u00e3. M\u00e0u s\u1eafc n\u00e0y d\u1ec5 ph\u1ed1i v\u1edbi nhi\u1ec1u ph\u1ee5 ki\u1ec7n kh\u00e1c nhau.<\/p>\n<h2 data-start=\"1397\" data-end=\"1424\" data-section-id=\"12v4u90\">Ch\u1ea5t li\u1ec7u v\u00e0 form d\u00e1ng<\/h2>\n<p data-start=\"1425\" data-end=\"1577\">S\u1ea3n ph\u1ea9m s\u1eed d\u1ee5ng ch\u1ea5t li\u1ec7u chiffon nh\u1eb9 v\u00e0 tho\u00e1ng. Form d\u00e1ng \u00f4m nh\u1eb9 ph\u1ea7n tr\u00ean v\u00e0 x\u00f2e t\u1ef1 nhi\u00ean \u1edf ch\u00e2n v\u00e1y. Thi\u1ebft k\u1ebf n\u00e0y gi\u00fap t\u00f4n d\u00e1ng v\u00e0 t\u1ea1o s\u1ef1 tho\u1ea3i m\u00e1i.<\/p>\n<h2 data-start=\"1579\" data-end=\"1596\" data-section-id=\"1f70isu\">C\u00e1ch ph\u1ed1i \u0111\u1ed3<\/h2>\n<p data-start=\"1597\" data-end=\"1759\">B\u1ea1n c\u00f3 th\u1ec3 k\u1ebft h\u1ee3p <strong data-start=\"1616\" data-end=\"1632\">\u0111\u1ea7m l\u1ec7ch vai<\/strong> v\u1edbi gi\u00e0y cao g\u00f3t ho\u1eb7c sandal. M\u1ed9t chi\u1ebfc clutch nh\u1ecf s\u1ebd gi\u00fap t\u1ed5ng th\u1ec3 h\u00e0i h\u00f2a h\u01a1n. Trang s\u1ee9c \u0111\u01a1n gi\u1ea3n s\u1ebd l\u00e0m n\u1ed5i b\u1eadt trang ph\u1ee5c.<\/p>\n<h2 data-start=\"1761\" data-end=\"1788\" data-section-id=\"1otndz2\">Ph\u00f9 h\u1ee3p trong d\u1ecbp n\u00e0o?<\/h2>\n<p data-start=\"1789\" data-end=\"1907\">Trang ph\u1ee5c n\u00e0y ph\u00f9 h\u1ee3p khi \u0111i ti\u1ec7c, d\u1ea1o ph\u1ed1 ho\u1eb7c ch\u1ee5p \u1ea3nh. Thi\u1ebft k\u1ebf thanh l\u1ecbch gi\u00fap b\u1ea1n n\u1ed5i b\u1eadt trong nhi\u1ec1u ho\u00e0n c\u1ea3nh.<\/p>\n<h2 data-start=\"1909\" data-end=\"1922\" data-section-id=\"r751zz\">K\u1ebft lu\u1eadn<\/h2>\n<p data-start=\"1923\" data-end=\"2049\">V\u1edbi thi\u1ebft k\u1ebf tinh t\u1ebf v\u00e0 ch\u1ea5t li\u1ec7u nh\u1eb9 nh\u00e0ng, <strong data-start=\"1968\" data-end=\"1984\">\u0111\u1ea7m l\u1ec7ch vai<\/strong> chiffon l\u00e0 l\u1ef1a ch\u1ecdn l\u00fd t\u01b0\u1edfng cho phong c\u00e1ch n\u1eef t\u00ednh v\u00e0 hi\u1ec7n \u0111\u1ea1i.<\/p>\n","protected":false},"excerpt":{"rendered":"<p data-start=\"1186\" data-end=\"1302\">V\u00e1y l\u1ec7ch vai hi\u1ec7n \u0111\u1ea1i v\u1edbi thi\u1ebft k\u1ebf n\u1ed5i b\u1eadt. Ph\u00f9 h\u1ee3p cho c\u00e1c d\u1ecbp c\u1ea7n s\u1ef1 \u1ea5n t\u01b0\u1ee3ng.<\/p>\n","protected":false},"featured_media":188,"comment_status":"open","ping_status":"closed","template":"","meta":[],"product_brand":[24],"product_cat":[22,18],"product_tag":[],"class_list":{"0":"post-187","1":"product","2":"type-product","3":"status-publish","4":"has-post-thumbnail","6":"product_brand-olv","7":"product_cat-dam","8":"product_cat-san-pham-moi","10":"first","11":"instock","12":"shipping-taxable","13":"purchasable","14":"product-type-variable"},"yoast_head":"<!-- This site is optimized with the Yoast SEO plugin v27.1.1 - https:\/\/yoast.com\/product\/yoast-seo-wordpress\/ -->\n<title>Ivory Chiffon One Shoulder Layered Mini Dress - Quanao<\/title>\n<meta name=\"description\" content=\"\u0110\u1ea7m l\u1ec7ch vai chiffon m\u00e0u ivory v\u1edbi thi\u1ebft k\u1ebf nhi\u1ec1u t\u1ea7ng nh\u1eb9 nh\u00e0ng. Ki\u1ec3u d\u00e1ng thanh l\u1ecbch, ph\u00f9 h\u1ee3p d\u1ef1 ti\u1ec7c, d\u1ea1o ph\u1ed1 ho\u1eb7c ch\u1ee5p \u1ea3nh.\" \/>\n<meta name=\"robots\" content=\"index, follow, max-snippet:-1, max-image-preview:large, max-video-preview:-1\" \/>\n<link rel=\"canonical\" href=\"https:\/\/anhnoc.azdigi.shop\/?product=ivory-chiffon-one-shoulder-layered-mini-dress\" \/>\n<meta property=\"og:locale\" content=\"vi_VN\" \/>\n<meta property=\"og:type\" content=\"article\" \/>\n<meta property=\"og:title\" content=\"Ivory Chiffon One Shoulder Layered Mini Dress - Quanao\" \/>\n<meta property=\"og:description\" content=\"\u0110\u1ea7m l\u1ec7ch vai chiffon m\u00e0u ivory v\u1edbi thi\u1ebft k\u1ebf nhi\u1ec1u t\u1ea7ng nh\u1eb9 nh\u00e0ng. Ki\u1ec3u d\u00e1ng thanh l\u1ecbch, ph\u00f9 h\u1ee3p d\u1ef1 ti\u1ec7c, d\u1ea1o ph\u1ed1 ho\u1eb7c ch\u1ee5p \u1ea3nh.\" \/>\n<meta property=\"og:url\" content=\"https:\/\/anhnoc.azdigi.shop\/?product=ivory-chiffon-one-shoulder-layered-mini-dress\" \/>\n<meta property=\"og:site_name\" content=\"Quanao\" \/>\n<meta property=\"article:modified_time\" content=\"2026-04-19T09:31:24+00:00\" \/>\n<meta property=\"og:image\" content=\"https:\/\/anhnoc.azdigi.shop\/wp-content\/uploads\/2026\/04\/d_29740-1_f06d25b27b504d189ddde6b4449c108c_master.jpg\" \/>\n\t<meta property=\"og:image:width\" content=\"1365\" \/>\n\t<meta property=\"og:image:height\" content=\"2048\" \/>\n\t<meta property=\"og:image:type\" content=\"image\/jpeg\" \/>\n<meta name=\"twitter:card\" content=\"summary_large_image\" \/>\n<meta name=\"twitter:label1\" content=\"\u01af\u1edbc t\u00ednh th\u1eddi gian \u0111\u1ecdc\" \/>\n\t<meta name=\"twitter:data1\" content=\"2 ph\u00fat\" \/>\n<script type=\"application\/ld+json\" class=\"yoast-schema-graph\">{\"@context\":\"https:\/\/schema.org\",\"@graph\":[{\"@type\":\"WebPage\",\"@id\":\"https:\/\/anhnoc.azdigi.shop\/?product=ivory-chiffon-one-shoulder-layered-mini-dress\",\"url\":\"https:\/\/anhnoc.azdigi.shop\/?product=ivory-chiffon-one-shoulder-layered-mini-dress\",\"name\":\"Ivory Chiffon One Shoulder Layered Mini Dress - Quanao\",\"isPartOf\":{\"@id\":\"https:\/\/anhnoc.azdigi.shop\/#website\"},\"primaryImageOfPage\":{\"@id\":\"https:\/\/anhnoc.azdigi.shop\/?product=ivory-chiffon-one-shoulder-layered-mini-dress#primaryimage\"},\"image\":{\"@id\":\"https:\/\/anhnoc.azdigi.shop\/?product=ivory-chiffon-one-shoulder-layered-mini-dress#primaryimage\"},\"thumbnailUrl\":\"https:\/\/anhnoc.azdigi.shop\/wp-content\/uploads\/2026\/04\/d_29740-1_f06d25b27b504d189ddde6b4449c108c_master.jpg\",\"datePublished\":\"2026-04-17T18:10:28+00:00\",\"dateModified\":\"2026-04-19T09:31:24+00:00\",\"description\":\"\u0110\u1ea7m l\u1ec7ch vai chiffon m\u00e0u ivory v\u1edbi thi\u1ebft k\u1ebf nhi\u1ec1u t\u1ea7ng nh\u1eb9 nh\u00e0ng. Ki\u1ec3u d\u00e1ng thanh l\u1ecbch, ph\u00f9 h\u1ee3p d\u1ef1 ti\u1ec7c, d\u1ea1o ph\u1ed1 ho\u1eb7c ch\u1ee5p \u1ea3nh.\",\"breadcrumb\":{\"@id\":\"https:\/\/anhnoc.azdigi.shop\/?product=ivory-chiffon-one-shoulder-layered-mini-dress#breadcrumb\"},\"inLanguage\":\"vi\",\"potentialAction\":[{\"@type\":\"ReadAction\",\"target\":[\"https:\/\/anhnoc.azdigi.shop\/?product=ivory-chiffon-one-shoulder-layered-mini-dress\"]}]},{\"@type\":\"ImageObject\",\"inLanguage\":\"vi\",\"@id\":\"https:\/\/anhnoc.azdigi.shop\/?product=ivory-chiffon-one-shoulder-layered-mini-dress#primaryimage\",\"url\":\"https:\/\/anhnoc.azdigi.shop\/wp-content\/uploads\/2026\/04\/d_29740-1_f06d25b27b504d189ddde6b4449c108c_master.jpg\",\"contentUrl\":\"https:\/\/anhnoc.azdigi.shop\/wp-content\/uploads\/2026\/04\/d_29740-1_f06d25b27b504d189ddde6b4449c108c_master.jpg\",\"width\":1365,\"height\":2048},{\"@type\":\"BreadcrumbList\",\"@id\":\"https:\/\/anhnoc.azdigi.shop\/?product=ivory-chiffon-one-shoulder-layered-mini-dress#breadcrumb\",\"itemListElement\":[{\"@type\":\"ListItem\",\"position\":1,\"name\":\"Trang ch\u1ee7\",\"item\":\"https:\/\/anhnoc.azdigi.shop\/\"},{\"@type\":\"ListItem\",\"position\":2,\"name\":\"C\u1eeda h\u00e0ng\",\"item\":\"https:\/\/anhnoc.azdigi.shop\/?page_id=128\"},{\"@type\":\"ListItem\",\"position\":3,\"name\":\"Ivory Chiffon One Shoulder Layered Mini Dress\"}]},{\"@type\":\"WebSite\",\"@id\":\"https:\/\/anhnoc.azdigi.shop\/#website\",\"url\":\"https:\/\/anhnoc.azdigi.shop\/\",\"name\":\"Quanao\",\"description\":\"\",\"potentialAction\":[{\"@type\":\"SearchAction\",\"target\":{\"@type\":\"EntryPoint\",\"urlTemplate\":\"https:\/\/anhnoc.azdigi.shop\/?s={search_term_string}\"},\"query-input\":{\"@type\":\"PropertyValueSpecification\",\"valueRequired\":true,\"valueName\":\"search_term_string\"}}],\"inLanguage\":\"vi\"}]}<\/script>\n<!-- \/ Yoast SEO plugin. -->","yoast_head_json":{"title":"Ivory Chiffon One Shoulder Layered Mini Dress - Quanao","description":"\u0110\u1ea7m l\u1ec7ch vai chiffon m\u00e0u ivory v\u1edbi thi\u1ebft k\u1ebf nhi\u1ec1u t\u1ea7ng nh\u1eb9 nh\u00e0ng. Ki\u1ec3u d\u00e1ng thanh l\u1ecbch, ph\u00f9 h\u1ee3p d\u1ef1 ti\u1ec7c, d\u1ea1o ph\u1ed1 ho\u1eb7c ch\u1ee5p \u1ea3nh.","robots":{"index":"index","follow":"follow","max-snippet":"max-snippet:-1","max-image-preview":"max-image-preview:large","max-video-preview":"max-video-preview:-1"},"canonical":"https:\/\/anhnoc.azdigi.shop\/?product=ivory-chiffon-one-shoulder-layered-mini-dress","og_locale":"vi_VN","og_type":"article","og_title":"Ivory Chiffon One Shoulder Layered Mini Dress - Quanao","og_description":"\u0110\u1ea7m l\u1ec7ch vai chiffon m\u00e0u ivory v\u1edbi thi\u1ebft k\u1ebf nhi\u1ec1u t\u1ea7ng nh\u1eb9 nh\u00e0ng. Ki\u1ec3u d\u00e1ng thanh l\u1ecbch, ph\u00f9 h\u1ee3p d\u1ef1 ti\u1ec7c, d\u1ea1o ph\u1ed1 ho\u1eb7c ch\u1ee5p \u1ea3nh.","og_url":"https:\/\/anhnoc.azdigi.shop\/?product=ivory-chiffon-one-shoulder-layered-mini-dress","og_site_name":"Quanao","article_modified_time":"2026-04-19T09:31:24+00:00","og_image":[{"width":1365,"height":2048,"url":"https:\/\/anhnoc.azdigi.shop\/wp-content\/uploads\/2026\/04\/d_29740-1_f06d25b27b504d189ddde6b4449c108c_master.jpg","type":"image\/jpeg"}],"twitter_card":"summary_large_image","twitter_misc":{"\u01af\u1edbc t\u00ednh th\u1eddi gian \u0111\u1ecdc":"2 ph\u00fat"},"schema":{"@context":"https:\/\/schema.org","@graph":[{"@type":"WebPage","@id":"https:\/\/anhnoc.azdigi.shop\/?product=ivory-chiffon-one-shoulder-layered-mini-dress","url":"https:\/\/anhnoc.azdigi.shop\/?product=ivory-chiffon-one-shoulder-layered-mini-dress","name":"Ivory Chiffon One Shoulder Layered Mini Dress - Quanao","isPartOf":{"@id":"https:\/\/anhnoc.azdigi.shop\/#website"},"primaryImageOfPage":{"@id":"https:\/\/anhnoc.azdigi.shop\/?product=ivory-chiffon-one-shoulder-layered-mini-dress#primaryimage"},"image":{"@id":"https:\/\/anhnoc.azdigi.shop\/?product=ivory-chiffon-one-shoulder-layered-mini-dress#primaryimage"},"thumbnailUrl":"https:\/\/anhnoc.azdigi.shop\/wp-content\/uploads\/2026\/04\/d_29740-1_f06d25b27b504d189ddde6b4449c108c_master.jpg","datePublished":"2026-04-17T18:10:28+00:00","dateModified":"2026-04-19T09:31:24+00:00","description":"\u0110\u1ea7m l\u1ec7ch vai chiffon m\u00e0u ivory v\u1edbi thi\u1ebft k\u1ebf nhi\u1ec1u t\u1ea7ng nh\u1eb9 nh\u00e0ng. Ki\u1ec3u d\u00e1ng thanh l\u1ecbch, ph\u00f9 h\u1ee3p d\u1ef1 ti\u1ec7c, d\u1ea1o ph\u1ed1 ho\u1eb7c ch\u1ee5p \u1ea3nh.","breadcrumb":{"@id":"https:\/\/anhnoc.azdigi.shop\/?product=ivory-chiffon-one-shoulder-layered-mini-dress#breadcrumb"},"inLanguage":"vi","potentialAction":[{"@type":"ReadAction","target":["https:\/\/anhnoc.azdigi.shop\/?product=ivory-chiffon-one-shoulder-layered-mini-dress"]}]},{"@type":"ImageObject","inLanguage":"vi","@id":"https:\/\/anhnoc.azdigi.shop\/?product=ivory-chiffon-one-shoulder-layered-mini-dress#primaryimage","url":"https:\/\/anhnoc.azdigi.shop\/wp-content\/uploads\/2026\/04\/d_29740-1_f06d25b27b504d189ddde6b4449c108c_master.jpg","contentUrl":"https:\/\/anhnoc.azdigi.shop\/wp-content\/uploads\/2026\/04\/d_29740-1_f06d25b27b504d189ddde6b4449c108c_master.jpg","width":1365,"height":2048},{"@type":"BreadcrumbList","@id":"https:\/\/anhnoc.azdigi.shop\/?product=ivory-chiffon-one-shoulder-layered-mini-dress#breadcrumb","itemListElement":[{"@type":"ListItem","position":1,"name":"Trang ch\u1ee7","item":"https:\/\/anhnoc.azdigi.shop\/"},{"@type":"ListItem","position":2,"name":"C\u1eeda h\u00e0ng","item":"https:\/\/anhnoc.azdigi.shop\/?page_id=128"},{"@type":"ListItem","position":3,"name":"Ivory Chiffon One Shoulder Layered Mini Dress"}]},{"@type":"WebSite","@id":"https:\/\/anhnoc.azdigi.shop\/#website","url":"https:\/\/anhnoc.azdigi.shop\/","name":"Quanao","description":"","potentialAction":[{"@type":"SearchAction","target":{"@type":"EntryPoint","urlTemplate":"https:\/\/anhnoc.azdigi.shop\/?s={search_term_string}"},"query-input":{"@type":"PropertyValueSpecification","valueRequired":true,"valueName":"search_term_string"}}],"inLanguage":"vi"}]}},"_links":{"self":[{"href":"https:\/\/anhnoc.azdigi.shop\/index.php?rest_route=\/wp\/v2\/product\/187","targetHints":{"allow":["GET"]}}],"collection":[{"href":"https:\/\/anhnoc.azdigi.shop\/index.php?rest_route=\/wp\/v2\/product"}],"about":[{"href":"https:\/\/anhnoc.azdigi.shop\/index.php?rest_route=\/wp\/v2\/types\/product"}],"replies":[{"embeddable":true,"href":"https:\/\/anhnoc.azdigi.shop\/index.php?rest_route=%2Fwp%2Fv2%2Fcomments&post=187"}],"wp:featuredmedia":[{"embeddable":true,"href":"https:\/\/anhnoc.azdigi.shop\/index.php?rest_route=\/wp\/v2\/media\/188"}],"wp:attachment":[{"href":"https:\/\/anhnoc.azdigi.shop\/index.php?rest_route=%2Fwp%2Fv2%2Fmedia&parent=187"}],"wp:term":[{"taxonomy":"product_brand","embeddable":true,"href":"https:\/\/anhnoc.azdigi.shop\/index.php?rest_route=%2Fwp%2Fv2%2Fproduct_brand&post=187"},{"taxonomy":"product_cat","embeddable":true,"href":"https:\/\/anhnoc.azdigi.shop\/index.php?rest_route=%2Fwp%2Fv2%2Fproduct_cat&post=187"},{"taxonomy":"product_tag","embeddable":true,"href":"https:\/\/anhnoc.azdigi.shop\/index.php?rest_route=%2Fwp%2Fv2%2Fproduct_tag&post=187"}],"curies":[{"name":"wp","href":"https:\/\/api.w.org\/{rel}","templated":true}]}}