{"id":277,"date":"2026-04-17T19:17:45","date_gmt":"2026-04-17T19:17:45","guid":{"rendered":"https:\/\/anhnoc.azdigi.shop\/?post_type=product&#038;p=277"},"modified":"2026-04-19T08:54:12","modified_gmt":"2026-04-19T08:54:12","slug":"ao-khoac-yesenia-vest","status":"publish","type":"product","link":"https:\/\/anhnoc.azdigi.shop\/?product=ao-khoac-yesenia-vest","title":{"rendered":"\u00c1o kho\u00e1c Yesenia Vest"},"content":{"rendered":"<h1 data-start=\"494\" data-end=\"517\" data-section-id=\"1n4qx9a\"><a href=\"https:\/\/anhnoc.azdigi.shop\/wp-admin\/post-new.php?post_type=product\">\u00c1o Kho\u00e1c Yesenia Vest<\/a><\/h1>\n<h2 data-start=\"519\" data-end=\"538\" data-section-id=\"195wg5l\">M\u00f4 t\u1ea3 s\u1ea3n ph\u1ea9m<\/h2>\n<p data-start=\"539\" data-end=\"744\"><strong data-start=\"539\" data-end=\"564\">\u00c1o kho\u00e1c Yesenia Vest<\/strong> l\u00e0 l\u1ef1a ch\u1ecdn ph\u00f9 h\u1ee3p cho nh\u1eefng c\u00f4 n\u00e0ng y\u00eau th\u00edch phong c\u00e1ch thanh l\u1ecbch v\u00e0 hi\u1ec7n \u0111\u1ea1i. Thi\u1ebft k\u1ebf vest ch\u1ec9n chu gi\u00fap t\u1ed5ng th\u1ec3 trang ph\u1ee5c tr\u1edf n\u00ean chuy\u00ean nghi\u1ec7p nh\u01b0ng v\u1eabn gi\u1eef n\u00e9t n\u1eef t\u00ednh.<\/p>\n<p data-start=\"746\" data-end=\"894\">S\u1ea3n ph\u1ea9m d\u1ec5 ph\u1ed1i v\u1edbi nhi\u1ec1u ki\u1ec3u outfit kh\u00e1c nhau. B\u1ea1n c\u00f3 th\u1ec3 k\u1ebft h\u1ee3p c\u00f9ng qu\u1ea7n t\u00e2y, ch\u00e2n v\u00e1y ho\u1eb7c \u0111\u1ea7m \u00f4m \u0111\u1ec3 t\u1ea1o n\u00ean phong c\u00e1ch \u0111a d\u1ea1ng cho t\u1eebng d\u1ecbp.<\/p>\n<h2 data-start=\"896\" data-end=\"917\" data-section-id=\"1jpgjxa\">\u0110\u1eb7c \u0111i\u1ec3m n\u1ed5i b\u1eadt<\/h2>\n<h3 data-start=\"919\" data-end=\"949\" data-section-id=\"1ueo71r\">Thi\u1ebft k\u1ebf vest thanh l\u1ecbch<\/h3>\n<p data-start=\"950\" data-end=\"1061\"><strong data-start=\"950\" data-end=\"975\">S\u1ea3n ph\u1ea9m<\/strong>\u00a0mang phom d\u00e1ng g\u1ecdn g\u00e0ng v\u00e0 hi\u1ec7n \u0111\u1ea1i. Thi\u1ebft k\u1ebf gi\u00fap t\u00f4n d\u00e1ng v\u00e0 t\u1ea1o c\u1ea3m gi\u00e1c ch\u1ec9n chu.<\/p>\n<h3 data-start=\"1063\" data-end=\"1093\" data-section-id=\"zqcgh7\">D\u1ec5 ph\u1ed1i nhi\u1ec1u phong c\u00e1ch<\/h3>\n<p data-start=\"1094\" data-end=\"1216\">S\u1ea3n ph\u1ea9m ph\u00f9 h\u1ee3p v\u1edbi outfit c\u00f4ng s\u1edf, \u0111i g\u1eb7p g\u1ee1 \u0111\u1ed1i t\u00e1c ho\u1eb7c d\u1ea1o ph\u1ed1. Ch\u1ec9 c\u1ea7n thay \u0111\u1ed5i c\u00e1ch ph\u1ed1i l\u00e0 b\u1ea1n \u0111\u00e3 c\u00f3 di\u1ec7n m\u1ea1o m\u1edbi.<\/p>\n<h3 data-start=\"1218\" data-end=\"1252\" data-section-id=\"1ep38bj\">T\u0103ng \u0111i\u1ec3m nh\u1ea5n chuy\u00ean nghi\u1ec7p<\/h3>\n<p data-start=\"1253\" data-end=\"1363\">M\u1ed9t chi\u1ebfc vest \u0111\u1eb9p lu\u00f4n gi\u00fap t\u1ed5ng th\u1ec3 outfit sang v\u00e0 s\u1eafc n\u00e9t h\u01a1n. \u0110\u00e2y l\u00e0 item n\u00ean c\u00f3 trong t\u1ee7 \u0111\u1ed3 c\u1ee7a ph\u00e1i \u0111\u1eb9p.<\/p>\n<h2 data-start=\"1365\" data-end=\"1392\" data-section-id=\"1otndz2\">Ph\u00f9 h\u1ee3p trong d\u1ecbp n\u00e0o?<\/h2>\n<p data-start=\"1393\" data-end=\"1493\">Thi\u1ebft k\u1ebf ph\u00f9 h\u1ee3p \u0111\u1ec3 m\u1eb7c \u0111i l\u00e0m, d\u1ef1 h\u1ecdp, g\u1eb7p g\u1ee1 kh\u00e1ch h\u00e0ng ho\u1eb7c tham gia c\u00e1c s\u1ef1 ki\u1ec7n c\u1ea7n s\u1ef1 ch\u1ec9n chu.<\/p>\n<h2 data-start=\"1495\" data-end=\"1508\" data-section-id=\"r751zz\">K\u1ebft lu\u1eadn<\/h2>\n<p data-start=\"1509\" data-end=\"1636\">V\u1edbi ki\u1ec3u d\u00e1ng hi\u1ec7n \u0111\u1ea1i v\u00e0 t\u00ednh \u1ee9ng d\u1ee5ng cao, <strong data-start=\"1554\" data-end=\"1579\">s\u1ea3n ph\u1ea9m<\/strong>\u00a0l\u00e0 l\u1ef1a ch\u1ecdn l\u00fd t\u01b0\u1edfng cho phong c\u00e1ch thanh l\u1ecbch m\u1ed7i ng\u00e0y.<\/p>\n<p><a href=\"https:\/\/www.olv.vn\/products\/ao-khoac-yesenia-vest-1\">https:\/\/www.olv.vn\/products\/ao-khoac-yesenia-vest-1<\/a><\/p>\n","protected":false},"excerpt":{"rendered":"<p data-start=\"161\" data-end=\"249\">Vest hi\u1ec7n \u0111\u1ea1i, phom g\u1ecdn g\u00e0ng, ph\u00f9 h\u1ee3p phong c\u00e1ch thanh l\u1ecbch.<\/p>\n<p data-start=\"251\" data-end=\"335\">\n","protected":false},"featured_media":278,"comment_status":"open","ping_status":"closed","template":"","meta":[],"product_brand":[24],"product_cat":[20,17],"product_tag":[],"class_list":{"0":"post-277","1":"product","2":"type-product","3":"status-publish","4":"has-post-thumbnail","6":"product_brand-olv","7":"product_cat-ao-khoac","8":"product_cat-san-pham-yeu-thich","10":"first","11":"instock","12":"shipping-taxable","13":"purchasable","14":"product-type-variable"},"yoast_head":"<!-- This site is optimized with the Yoast SEO plugin v27.1.1 - https:\/\/yoast.com\/product\/yoast-seo-wordpress\/ -->\n<title>\u00c1o kho\u00e1c Yesenia Vest - Quanao<\/title>\n<meta name=\"description\" content=\"\u00c1o kho\u00e1c Yesenia Vest mang phong c\u00e1ch thanh l\u1ecbch v\u00e0 hi\u1ec7n \u0111\u1ea1i v\u1edbi thi\u1ebft k\u1ebf ch\u1ec9n chu, d\u1ec5 ph\u1ed1i c\u00f9ng nhi\u1ec1u outfit cho \u0111i l\u00e0m ho\u1eb7c d\u1ea1o ph\u1ed1.\" \/>\n<meta name=\"robots\" content=\"index, follow, max-snippet:-1, max-image-preview:large, max-video-preview:-1\" \/>\n<link rel=\"canonical\" href=\"https:\/\/anhnoc.azdigi.shop\/?product=ao-khoac-yesenia-vest\" \/>\n<meta property=\"og:locale\" content=\"vi_VN\" \/>\n<meta property=\"og:type\" content=\"article\" \/>\n<meta property=\"og:title\" content=\"\u00c1o kho\u00e1c Yesenia Vest - Quanao\" \/>\n<meta property=\"og:description\" content=\"\u00c1o kho\u00e1c Yesenia Vest mang phong c\u00e1ch thanh l\u1ecbch v\u00e0 hi\u1ec7n \u0111\u1ea1i v\u1edbi thi\u1ebft k\u1ebf ch\u1ec9n chu, d\u1ec5 ph\u1ed1i c\u00f9ng nhi\u1ec1u outfit cho \u0111i l\u00e0m ho\u1eb7c d\u1ea1o ph\u1ed1.\" \/>\n<meta property=\"og:url\" content=\"https:\/\/anhnoc.azdigi.shop\/?product=ao-khoac-yesenia-vest\" \/>\n<meta property=\"og:site_name\" content=\"Quanao\" \/>\n<meta property=\"article:modified_time\" content=\"2026-04-19T08:54:12+00:00\" \/>\n<meta property=\"og:image\" content=\"https:\/\/anhnoc.azdigi.shop\/wp-content\/uploads\/2026\/04\/d_23046_cd475e1191934a1b98345a698a089f28_master.jpg\" \/>\n\t<meta property=\"og:image:width\" content=\"1365\" \/>\n\t<meta property=\"og:image:height\" content=\"2048\" \/>\n\t<meta property=\"og:image:type\" content=\"image\/jpeg\" \/>\n<meta name=\"twitter:card\" content=\"summary_large_image\" \/>\n<meta name=\"twitter:label1\" content=\"\u01af\u1edbc t\u00ednh th\u1eddi gian \u0111\u1ecdc\" \/>\n\t<meta name=\"twitter:data1\" content=\"2 ph\u00fat\" \/>\n<script type=\"application\/ld+json\" class=\"yoast-schema-graph\">{\"@context\":\"https:\/\/schema.org\",\"@graph\":[{\"@type\":\"WebPage\",\"@id\":\"https:\/\/anhnoc.azdigi.shop\/?product=ao-khoac-yesenia-vest\",\"url\":\"https:\/\/anhnoc.azdigi.shop\/?product=ao-khoac-yesenia-vest\",\"name\":\"\u00c1o kho\u00e1c Yesenia Vest - Quanao\",\"isPartOf\":{\"@id\":\"https:\/\/anhnoc.azdigi.shop\/#website\"},\"primaryImageOfPage\":{\"@id\":\"https:\/\/anhnoc.azdigi.shop\/?product=ao-khoac-yesenia-vest#primaryimage\"},\"image\":{\"@id\":\"https:\/\/anhnoc.azdigi.shop\/?product=ao-khoac-yesenia-vest#primaryimage\"},\"thumbnailUrl\":\"https:\/\/anhnoc.azdigi.shop\/wp-content\/uploads\/2026\/04\/d_23046_cd475e1191934a1b98345a698a089f28_master.jpg\",\"datePublished\":\"2026-04-17T19:17:45+00:00\",\"dateModified\":\"2026-04-19T08:54:12+00:00\",\"description\":\"\u00c1o kho\u00e1c Yesenia Vest mang phong c\u00e1ch thanh l\u1ecbch v\u00e0 hi\u1ec7n \u0111\u1ea1i v\u1edbi thi\u1ebft k\u1ebf ch\u1ec9n chu, d\u1ec5 ph\u1ed1i c\u00f9ng nhi\u1ec1u outfit cho \u0111i l\u00e0m ho\u1eb7c d\u1ea1o ph\u1ed1.\",\"breadcrumb\":{\"@id\":\"https:\/\/anhnoc.azdigi.shop\/?product=ao-khoac-yesenia-vest#breadcrumb\"},\"inLanguage\":\"vi\",\"potentialAction\":[{\"@type\":\"ReadAction\",\"target\":[\"https:\/\/anhnoc.azdigi.shop\/?product=ao-khoac-yesenia-vest\"]}]},{\"@type\":\"ImageObject\",\"inLanguage\":\"vi\",\"@id\":\"https:\/\/anhnoc.azdigi.shop\/?product=ao-khoac-yesenia-vest#primaryimage\",\"url\":\"https:\/\/anhnoc.azdigi.shop\/wp-content\/uploads\/2026\/04\/d_23046_cd475e1191934a1b98345a698a089f28_master.jpg\",\"contentUrl\":\"https:\/\/anhnoc.azdigi.shop\/wp-content\/uploads\/2026\/04\/d_23046_cd475e1191934a1b98345a698a089f28_master.jpg\",\"width\":1365,\"height\":2048},{\"@type\":\"BreadcrumbList\",\"@id\":\"https:\/\/anhnoc.azdigi.shop\/?product=ao-khoac-yesenia-vest#breadcrumb\",\"itemListElement\":[{\"@type\":\"ListItem\",\"position\":1,\"name\":\"Trang ch\u1ee7\",\"item\":\"https:\/\/anhnoc.azdigi.shop\/\"},{\"@type\":\"ListItem\",\"position\":2,\"name\":\"C\u1eeda h\u00e0ng\",\"item\":\"https:\/\/anhnoc.azdigi.shop\/?page_id=128\"},{\"@type\":\"ListItem\",\"position\":3,\"name\":\"\u00c1o kho\u00e1c Yesenia Vest\"}]},{\"@type\":\"WebSite\",\"@id\":\"https:\/\/anhnoc.azdigi.shop\/#website\",\"url\":\"https:\/\/anhnoc.azdigi.shop\/\",\"name\":\"Quanao\",\"description\":\"\",\"potentialAction\":[{\"@type\":\"SearchAction\",\"target\":{\"@type\":\"EntryPoint\",\"urlTemplate\":\"https:\/\/anhnoc.azdigi.shop\/?s={search_term_string}\"},\"query-input\":{\"@type\":\"PropertyValueSpecification\",\"valueRequired\":true,\"valueName\":\"search_term_string\"}}],\"inLanguage\":\"vi\"}]}<\/script>\n<!-- \/ Yoast SEO plugin. -->","yoast_head_json":{"title":"\u00c1o kho\u00e1c Yesenia Vest - Quanao","description":"\u00c1o kho\u00e1c Yesenia Vest mang phong c\u00e1ch thanh l\u1ecbch v\u00e0 hi\u1ec7n \u0111\u1ea1i v\u1edbi thi\u1ebft k\u1ebf ch\u1ec9n chu, d\u1ec5 ph\u1ed1i c\u00f9ng nhi\u1ec1u outfit cho \u0111i l\u00e0m ho\u1eb7c d\u1ea1o ph\u1ed1.","robots":{"index":"index","follow":"follow","max-snippet":"max-snippet:-1","max-image-preview":"max-image-preview:large","max-video-preview":"max-video-preview:-1"},"canonical":"https:\/\/anhnoc.azdigi.shop\/?product=ao-khoac-yesenia-vest","og_locale":"vi_VN","og_type":"article","og_title":"\u00c1o kho\u00e1c Yesenia Vest - Quanao","og_description":"\u00c1o kho\u00e1c Yesenia Vest mang phong c\u00e1ch thanh l\u1ecbch v\u00e0 hi\u1ec7n \u0111\u1ea1i v\u1edbi thi\u1ebft k\u1ebf ch\u1ec9n chu, d\u1ec5 ph\u1ed1i c\u00f9ng nhi\u1ec1u outfit cho \u0111i l\u00e0m ho\u1eb7c d\u1ea1o ph\u1ed1.","og_url":"https:\/\/anhnoc.azdigi.shop\/?product=ao-khoac-yesenia-vest","og_site_name":"Quanao","article_modified_time":"2026-04-19T08:54:12+00:00","og_image":[{"width":1365,"height":2048,"url":"https:\/\/anhnoc.azdigi.shop\/wp-content\/uploads\/2026\/04\/d_23046_cd475e1191934a1b98345a698a089f28_master.jpg","type":"image\/jpeg"}],"twitter_card":"summary_large_image","twitter_misc":{"\u01af\u1edbc t\u00ednh th\u1eddi gian \u0111\u1ecdc":"2 ph\u00fat"},"schema":{"@context":"https:\/\/schema.org","@graph":[{"@type":"WebPage","@id":"https:\/\/anhnoc.azdigi.shop\/?product=ao-khoac-yesenia-vest","url":"https:\/\/anhnoc.azdigi.shop\/?product=ao-khoac-yesenia-vest","name":"\u00c1o kho\u00e1c Yesenia Vest - Quanao","isPartOf":{"@id":"https:\/\/anhnoc.azdigi.shop\/#website"},"primaryImageOfPage":{"@id":"https:\/\/anhnoc.azdigi.shop\/?product=ao-khoac-yesenia-vest#primaryimage"},"image":{"@id":"https:\/\/anhnoc.azdigi.shop\/?product=ao-khoac-yesenia-vest#primaryimage"},"thumbnailUrl":"https:\/\/anhnoc.azdigi.shop\/wp-content\/uploads\/2026\/04\/d_23046_cd475e1191934a1b98345a698a089f28_master.jpg","datePublished":"2026-04-17T19:17:45+00:00","dateModified":"2026-04-19T08:54:12+00:00","description":"\u00c1o kho\u00e1c Yesenia Vest mang phong c\u00e1ch thanh l\u1ecbch v\u00e0 hi\u1ec7n \u0111\u1ea1i v\u1edbi thi\u1ebft k\u1ebf ch\u1ec9n chu, d\u1ec5 ph\u1ed1i c\u00f9ng nhi\u1ec1u outfit cho \u0111i l\u00e0m ho\u1eb7c d\u1ea1o ph\u1ed1.","breadcrumb":{"@id":"https:\/\/anhnoc.azdigi.shop\/?product=ao-khoac-yesenia-vest#breadcrumb"},"inLanguage":"vi","potentialAction":[{"@type":"ReadAction","target":["https:\/\/anhnoc.azdigi.shop\/?product=ao-khoac-yesenia-vest"]}]},{"@type":"ImageObject","inLanguage":"vi","@id":"https:\/\/anhnoc.azdigi.shop\/?product=ao-khoac-yesenia-vest#primaryimage","url":"https:\/\/anhnoc.azdigi.shop\/wp-content\/uploads\/2026\/04\/d_23046_cd475e1191934a1b98345a698a089f28_master.jpg","contentUrl":"https:\/\/anhnoc.azdigi.shop\/wp-content\/uploads\/2026\/04\/d_23046_cd475e1191934a1b98345a698a089f28_master.jpg","width":1365,"height":2048},{"@type":"BreadcrumbList","@id":"https:\/\/anhnoc.azdigi.shop\/?product=ao-khoac-yesenia-vest#breadcrumb","itemListElement":[{"@type":"ListItem","position":1,"name":"Trang ch\u1ee7","item":"https:\/\/anhnoc.azdigi.shop\/"},{"@type":"ListItem","position":2,"name":"C\u1eeda h\u00e0ng","item":"https:\/\/anhnoc.azdigi.shop\/?page_id=128"},{"@type":"ListItem","position":3,"name":"\u00c1o kho\u00e1c Yesenia Vest"}]},{"@type":"WebSite","@id":"https:\/\/anhnoc.azdigi.shop\/#website","url":"https:\/\/anhnoc.azdigi.shop\/","name":"Quanao","description":"","potentialAction":[{"@type":"SearchAction","target":{"@type":"EntryPoint","urlTemplate":"https:\/\/anhnoc.azdigi.shop\/?s={search_term_string}"},"query-input":{"@type":"PropertyValueSpecification","valueRequired":true,"valueName":"search_term_string"}}],"inLanguage":"vi"}]}},"_links":{"self":[{"href":"https:\/\/anhnoc.azdigi.shop\/index.php?rest_route=\/wp\/v2\/product\/277","targetHints":{"allow":["GET"]}}],"collection":[{"href":"https:\/\/anhnoc.azdigi.shop\/index.php?rest_route=\/wp\/v2\/product"}],"about":[{"href":"https:\/\/anhnoc.azdigi.shop\/index.php?rest_route=\/wp\/v2\/types\/product"}],"replies":[{"embeddable":true,"href":"https:\/\/anhnoc.azdigi.shop\/index.php?rest_route=%2Fwp%2Fv2%2Fcomments&post=277"}],"wp:featuredmedia":[{"embeddable":true,"href":"https:\/\/anhnoc.azdigi.shop\/index.php?rest_route=\/wp\/v2\/media\/278"}],"wp:attachment":[{"href":"https:\/\/anhnoc.azdigi.shop\/index.php?rest_route=%2Fwp%2Fv2%2Fmedia&parent=277"}],"wp:term":[{"taxonomy":"product_brand","embeddable":true,"href":"https:\/\/anhnoc.azdigi.shop\/index.php?rest_route=%2Fwp%2Fv2%2Fproduct_brand&post=277"},{"taxonomy":"product_cat","embeddable":true,"href":"https:\/\/anhnoc.azdigi.shop\/index.php?rest_route=%2Fwp%2Fv2%2Fproduct_cat&post=277"},{"taxonomy":"product_tag","embeddable":true,"href":"https:\/\/anhnoc.azdigi.shop\/index.php?rest_route=%2Fwp%2Fv2%2Fproduct_tag&post=277"}],"curies":[{"name":"wp","href":"https:\/\/api.w.org\/{rel}","templated":true}]}}