{"id":288,"date":"2026-04-17T19:26:48","date_gmt":"2026-04-17T19:26:48","guid":{"rendered":"https:\/\/anhnoc.azdigi.shop\/?post_type=product&#038;p=288"},"modified":"2026-04-19T08:56:27","modified_gmt":"2026-04-19T08:56:27","slug":"set-bi-hai-day-ivory-mesh-smocked-puff-set","status":"publish","type":"product","link":"https:\/\/anhnoc.azdigi.shop\/?product=set-bi-hai-day-ivory-mesh-smocked-puff-set","title":{"rendered":"Set b\u00ed hai d\u00e2y Ivory Mesh Smocked Puff Set"},"content":{"rendered":"<h1 data-start=\"550\" data-end=\"594\" data-section-id=\"5rt12b\"><a href=\"https:\/\/anhnoc.azdigi.shop\/wp-admin\/post-new.php?post_type=product\">Set B\u00ed Hai D\u00e2y Ivory Mesh Smocked Puff Set<\/a><\/h1>\n<h2 data-start=\"596\" data-end=\"615\" data-section-id=\"195wg5l\">M\u00f4 t\u1ea3 s\u1ea3n ph\u1ea9m<\/h2>\n<p data-start=\"616\" data-end=\"809\"><strong data-start=\"616\" data-end=\"647\">Ivory Mesh Smocked Puff Set<\/strong> mang phong c\u00e1ch n\u1eef t\u00ednh v\u00e0 hi\u1ec7n \u0111\u1ea1i v\u1edbi thi\u1ebft k\u1ebf hai d\u00e2y nh\u1eb9 nh\u00e0ng k\u1ebft h\u1ee3p phom d\u00e1ng m\u1ec1m m\u1ea1i. T\u1ed5ng th\u1ec3 trang ph\u1ee5c t\u1ea1o c\u1ea3m gi\u00e1c tr\u1ebb trung, n\u1ed5i b\u1eadt v\u00e0 thanh tho\u00e1t.<\/p>\n<p data-start=\"811\" data-end=\"984\">Thi\u1ebft k\u1ebf \u0111\u1ed3ng b\u1ed9 gi\u00fap ng\u01b0\u1eddi m\u1eb7c d\u1ec5 d\u00e0ng c\u00f3 \u0111\u01b0\u1ee3c outfit ho\u00e0n ch\u1ec9nh m\u00e0 kh\u00f4ng c\u1ea7n ph\u1ed1i nhi\u1ec1u. \u0110\u00e2y l\u00e0 l\u1ef1a ch\u1ecdn ph\u00f9 h\u1ee3p cho nh\u1eefng c\u00f4 n\u00e0ng y\u00eau th\u00edch v\u1ebb ngo\u00e0i ng\u1ecdt ng\u00e0o v\u00e0 tinh t\u1ebf.<\/p>\n<h2 data-start=\"986\" data-end=\"1016\" data-section-id=\"j26lw\">\u0110i\u1ec3m n\u1ed5i b\u1eadt c\u1ee7a thi\u1ebft k\u1ebf<\/h2>\n<h3 data-start=\"1018\" data-end=\"1048\" data-section-id=\"1ve8val\">Thi\u1ebft k\u1ebf hai d\u00e2y n\u1eef t\u00ednh<\/h3>\n<p data-start=\"1049\" data-end=\"1175\"><strong data-start=\"1049\" data-end=\"1080\">Ivory Mesh Smocked Puff Set<\/strong> gi\u00fap t\u00f4n l\u00ean ph\u1ea7n vai v\u00e0 c\u1ed5 m\u1ed9t c\u00e1ch m\u1ec1m m\u1ea1i. Ki\u1ec3u d\u00e1ng t\u1ea1o v\u1ebb ngo\u00e0i nh\u1eb9 nh\u00e0ng v\u00e0 thanh tho\u00e1t.<\/p>\n<h3 data-start=\"1177\" data-end=\"1201\" data-section-id=\"yvkhik\">Set \u0111\u1ed3ng b\u1ed9 d\u1ec5 m\u1eb7c<\/h3>\n<p data-start=\"1202\" data-end=\"1301\">Thi\u1ebft k\u1ebf \u0111\u1ed3ng b\u1ed9 gi\u00fap outfit tr\u1edf n\u00ean h\u00e0i h\u00f2a v\u00e0 n\u1ed5i b\u1eadt h\u01a1n. Ng\u01b0\u1eddi m\u1eb7c ti\u1ebft ki\u1ec7m th\u1eddi gian ph\u1ed1i \u0111\u1ed3.<\/p>\n<h3 data-start=\"1303\" data-end=\"1338\" data-section-id=\"ef0rev\">Phong c\u00e1ch tr\u1ebb trung hi\u1ec7n \u0111\u1ea1i<\/h3>\n<p data-start=\"1339\" data-end=\"1435\">M\u1eabu set ph\u00f9 h\u1ee3p v\u1edbi nhi\u1ec1u phong c\u00e1ch ch\u1ee5p \u1ea3nh v\u00e0 d\u1ea1o ph\u1ed1. \u0110\u00e2y l\u00e0 item n\u1ed5i b\u1eadt cho t\u1ee7 \u0111\u1ed3 n\u1eef t\u00ednh.<\/p>\n<h2 data-start=\"1437\" data-end=\"1455\" data-section-id=\"goa3cz\">G\u1ee3i \u00fd s\u1eed d\u1ee5ng<\/h2>\n<p data-start=\"1456\" data-end=\"1584\">B\u1ea1n c\u00f3 th\u1ec3 di\u1ec7n m\u1eabu set n\u00e0y khi \u0111i ch\u01a1i, h\u1eb9n h\u00f2, du l\u1ecbch ho\u1eb7c ch\u1ee5p \u1ea3nh. Thi\u1ebft k\u1ebf gi\u00fap t\u1ea1o v\u1ebb ngo\u00e0i n\u1ed5i b\u1eadt nh\u01b0ng v\u1eabn thanh l\u1ecbch.<\/p>\n<h2 data-start=\"1586\" data-end=\"1599\" data-section-id=\"r751zz\">K\u1ebft lu\u1eadn<\/h2>\n<p data-start=\"1600\" data-end=\"1746\">V\u1edbi v\u1ebb ngo\u00e0i tr\u1ebb trung v\u00e0 n\u1eef t\u00ednh, <strong data-start=\"1635\" data-end=\"1666\">Ivory Mesh Smocked Puff Set<\/strong> l\u00e0 l\u1ef1a ch\u1ecdn l\u00fd t\u01b0\u1edfng cho nh\u1eefng c\u00f4 n\u00e0ng y\u00eau th\u00edch phong c\u00e1ch ng\u1ecdt ng\u00e0o hi\u1ec7n \u0111\u1ea1i.<\/p>\n<p>https:\/\/www.olv.vn\/products\/set-bi-hai-day-ivory-mesh-smocked-puff-set<\/p>\n","protected":false},"excerpt":{"rendered":"<p data-start=\"2903\" data-end=\"3015\">Set hai d\u00e2y n\u1eef t\u00ednh v\u1edbi thi\u1ebft k\u1ebf tr\u1ebb trung. Ph\u00f9 h\u1ee3p cho d\u1ea1o ph\u1ed1 ho\u1eb7c ch\u1ee5p \u1ea3nh.<\/p>\n<p data-start=\"3017\" data-end=\"3121\">\n","protected":false},"featured_media":292,"comment_status":"open","ping_status":"closed","template":"","meta":[],"product_brand":[24],"product_cat":[17,23],"product_tag":[],"class_list":{"0":"post-288","1":"product","2":"type-product","3":"status-publish","4":"has-post-thumbnail","6":"product_brand-olv","7":"product_cat-san-pham-yeu-thich","8":"product_cat-set","10":"first","11":"instock","12":"shipping-taxable","13":"purchasable","14":"product-type-variable"},"yoast_head":"<!-- This site is optimized with the Yoast SEO plugin v27.1.1 - https:\/\/yoast.com\/product\/yoast-seo-wordpress\/ -->\n<title>Set b\u00ed hai d\u00e2y Ivory Mesh Smocked Puff Set - Quanao<\/title>\n<meta name=\"description\" content=\"Ivory Mesh Smocked Puff Set l\u00e0 set b\u00ed hai d\u00e2y n\u1eef t\u00ednh v\u1edbi thi\u1ebft k\u1ebf m\u1ec1m m\u1ea1i, hi\u1ec7n \u0111\u1ea1i v\u00e0 n\u1ed5i b\u1eadt. Ph\u00f9 h\u1ee3p \u0111i ch\u01a1i, ch\u1ee5p \u1ea3nh ho\u1eb7c d\u1ea1o ph\u1ed1.\" \/>\n<meta name=\"robots\" content=\"index, follow, max-snippet:-1, max-image-preview:large, max-video-preview:-1\" \/>\n<link rel=\"canonical\" href=\"https:\/\/anhnoc.azdigi.shop\/?product=set-bi-hai-day-ivory-mesh-smocked-puff-set\" \/>\n<meta property=\"og:locale\" content=\"vi_VN\" \/>\n<meta property=\"og:type\" content=\"article\" \/>\n<meta property=\"og:title\" content=\"Set b\u00ed hai d\u00e2y Ivory Mesh Smocked Puff Set - Quanao\" \/>\n<meta property=\"og:description\" content=\"Ivory Mesh Smocked Puff Set l\u00e0 set b\u00ed hai d\u00e2y n\u1eef t\u00ednh v\u1edbi thi\u1ebft k\u1ebf m\u1ec1m m\u1ea1i, hi\u1ec7n \u0111\u1ea1i v\u00e0 n\u1ed5i b\u1eadt. Ph\u00f9 h\u1ee3p \u0111i ch\u01a1i, ch\u1ee5p \u1ea3nh ho\u1eb7c d\u1ea1o ph\u1ed1.\" \/>\n<meta property=\"og:url\" content=\"https:\/\/anhnoc.azdigi.shop\/?product=set-bi-hai-day-ivory-mesh-smocked-puff-set\" \/>\n<meta property=\"og:site_name\" content=\"Quanao\" \/>\n<meta property=\"article:modified_time\" content=\"2026-04-19T08:56:27+00:00\" \/>\n<meta property=\"og:image\" content=\"https:\/\/anhnoc.azdigi.shop\/wp-content\/uploads\/2026\/04\/d_25782_7f643e36736340ffa9d46924322a0179_master.jpg\" \/>\n\t<meta property=\"og:image:width\" content=\"1365\" \/>\n\t<meta property=\"og:image:height\" content=\"2048\" \/>\n\t<meta property=\"og:image:type\" content=\"image\/jpeg\" \/>\n<meta name=\"twitter:card\" content=\"summary_large_image\" \/>\n<meta name=\"twitter:label1\" content=\"\u01af\u1edbc t\u00ednh th\u1eddi gian \u0111\u1ecdc\" \/>\n\t<meta name=\"twitter:data1\" content=\"2 ph\u00fat\" \/>\n<script type=\"application\/ld+json\" class=\"yoast-schema-graph\">{\"@context\":\"https:\/\/schema.org\",\"@graph\":[{\"@type\":\"WebPage\",\"@id\":\"https:\/\/anhnoc.azdigi.shop\/?product=set-bi-hai-day-ivory-mesh-smocked-puff-set\",\"url\":\"https:\/\/anhnoc.azdigi.shop\/?product=set-bi-hai-day-ivory-mesh-smocked-puff-set\",\"name\":\"Set b\u00ed hai d\u00e2y Ivory Mesh Smocked Puff Set - Quanao\",\"isPartOf\":{\"@id\":\"https:\/\/anhnoc.azdigi.shop\/#website\"},\"primaryImageOfPage\":{\"@id\":\"https:\/\/anhnoc.azdigi.shop\/?product=set-bi-hai-day-ivory-mesh-smocked-puff-set#primaryimage\"},\"image\":{\"@id\":\"https:\/\/anhnoc.azdigi.shop\/?product=set-bi-hai-day-ivory-mesh-smocked-puff-set#primaryimage\"},\"thumbnailUrl\":\"https:\/\/anhnoc.azdigi.shop\/wp-content\/uploads\/2026\/04\/d_25782_7f643e36736340ffa9d46924322a0179_master.jpg\",\"datePublished\":\"2026-04-17T19:26:48+00:00\",\"dateModified\":\"2026-04-19T08:56:27+00:00\",\"description\":\"Ivory Mesh Smocked Puff Set l\u00e0 set b\u00ed hai d\u00e2y n\u1eef t\u00ednh v\u1edbi thi\u1ebft k\u1ebf m\u1ec1m m\u1ea1i, hi\u1ec7n \u0111\u1ea1i v\u00e0 n\u1ed5i b\u1eadt. Ph\u00f9 h\u1ee3p \u0111i ch\u01a1i, ch\u1ee5p \u1ea3nh ho\u1eb7c d\u1ea1o ph\u1ed1.\",\"breadcrumb\":{\"@id\":\"https:\/\/anhnoc.azdigi.shop\/?product=set-bi-hai-day-ivory-mesh-smocked-puff-set#breadcrumb\"},\"inLanguage\":\"vi\",\"potentialAction\":[{\"@type\":\"ReadAction\",\"target\":[\"https:\/\/anhnoc.azdigi.shop\/?product=set-bi-hai-day-ivory-mesh-smocked-puff-set\"]}]},{\"@type\":\"ImageObject\",\"inLanguage\":\"vi\",\"@id\":\"https:\/\/anhnoc.azdigi.shop\/?product=set-bi-hai-day-ivory-mesh-smocked-puff-set#primaryimage\",\"url\":\"https:\/\/anhnoc.azdigi.shop\/wp-content\/uploads\/2026\/04\/d_25782_7f643e36736340ffa9d46924322a0179_master.jpg\",\"contentUrl\":\"https:\/\/anhnoc.azdigi.shop\/wp-content\/uploads\/2026\/04\/d_25782_7f643e36736340ffa9d46924322a0179_master.jpg\",\"width\":1365,\"height\":2048},{\"@type\":\"BreadcrumbList\",\"@id\":\"https:\/\/anhnoc.azdigi.shop\/?product=set-bi-hai-day-ivory-mesh-smocked-puff-set#breadcrumb\",\"itemListElement\":[{\"@type\":\"ListItem\",\"position\":1,\"name\":\"Trang ch\u1ee7\",\"item\":\"https:\/\/anhnoc.azdigi.shop\/\"},{\"@type\":\"ListItem\",\"position\":2,\"name\":\"C\u1eeda h\u00e0ng\",\"item\":\"https:\/\/anhnoc.azdigi.shop\/?page_id=128\"},{\"@type\":\"ListItem\",\"position\":3,\"name\":\"Set b\u00ed hai d\u00e2y Ivory Mesh Smocked Puff Set\"}]},{\"@type\":\"WebSite\",\"@id\":\"https:\/\/anhnoc.azdigi.shop\/#website\",\"url\":\"https:\/\/anhnoc.azdigi.shop\/\",\"name\":\"Quanao\",\"description\":\"\",\"potentialAction\":[{\"@type\":\"SearchAction\",\"target\":{\"@type\":\"EntryPoint\",\"urlTemplate\":\"https:\/\/anhnoc.azdigi.shop\/?s={search_term_string}\"},\"query-input\":{\"@type\":\"PropertyValueSpecification\",\"valueRequired\":true,\"valueName\":\"search_term_string\"}}],\"inLanguage\":\"vi\"}]}<\/script>\n<!-- \/ Yoast SEO plugin. -->","yoast_head_json":{"title":"Set b\u00ed hai d\u00e2y Ivory Mesh Smocked Puff Set - Quanao","description":"Ivory Mesh Smocked Puff Set l\u00e0 set b\u00ed hai d\u00e2y n\u1eef t\u00ednh v\u1edbi thi\u1ebft k\u1ebf m\u1ec1m m\u1ea1i, hi\u1ec7n \u0111\u1ea1i v\u00e0 n\u1ed5i b\u1eadt. Ph\u00f9 h\u1ee3p \u0111i ch\u01a1i, ch\u1ee5p \u1ea3nh ho\u1eb7c d\u1ea1o ph\u1ed1.","robots":{"index":"index","follow":"follow","max-snippet":"max-snippet:-1","max-image-preview":"max-image-preview:large","max-video-preview":"max-video-preview:-1"},"canonical":"https:\/\/anhnoc.azdigi.shop\/?product=set-bi-hai-day-ivory-mesh-smocked-puff-set","og_locale":"vi_VN","og_type":"article","og_title":"Set b\u00ed hai d\u00e2y Ivory Mesh Smocked Puff Set - Quanao","og_description":"Ivory Mesh Smocked Puff Set l\u00e0 set b\u00ed hai d\u00e2y n\u1eef t\u00ednh v\u1edbi thi\u1ebft k\u1ebf m\u1ec1m m\u1ea1i, hi\u1ec7n \u0111\u1ea1i v\u00e0 n\u1ed5i b\u1eadt. Ph\u00f9 h\u1ee3p \u0111i ch\u01a1i, ch\u1ee5p \u1ea3nh ho\u1eb7c d\u1ea1o ph\u1ed1.","og_url":"https:\/\/anhnoc.azdigi.shop\/?product=set-bi-hai-day-ivory-mesh-smocked-puff-set","og_site_name":"Quanao","article_modified_time":"2026-04-19T08:56:27+00:00","og_image":[{"width":1365,"height":2048,"url":"https:\/\/anhnoc.azdigi.shop\/wp-content\/uploads\/2026\/04\/d_25782_7f643e36736340ffa9d46924322a0179_master.jpg","type":"image\/jpeg"}],"twitter_card":"summary_large_image","twitter_misc":{"\u01af\u1edbc t\u00ednh th\u1eddi gian \u0111\u1ecdc":"2 ph\u00fat"},"schema":{"@context":"https:\/\/schema.org","@graph":[{"@type":"WebPage","@id":"https:\/\/anhnoc.azdigi.shop\/?product=set-bi-hai-day-ivory-mesh-smocked-puff-set","url":"https:\/\/anhnoc.azdigi.shop\/?product=set-bi-hai-day-ivory-mesh-smocked-puff-set","name":"Set b\u00ed hai d\u00e2y Ivory Mesh Smocked Puff Set - Quanao","isPartOf":{"@id":"https:\/\/anhnoc.azdigi.shop\/#website"},"primaryImageOfPage":{"@id":"https:\/\/anhnoc.azdigi.shop\/?product=set-bi-hai-day-ivory-mesh-smocked-puff-set#primaryimage"},"image":{"@id":"https:\/\/anhnoc.azdigi.shop\/?product=set-bi-hai-day-ivory-mesh-smocked-puff-set#primaryimage"},"thumbnailUrl":"https:\/\/anhnoc.azdigi.shop\/wp-content\/uploads\/2026\/04\/d_25782_7f643e36736340ffa9d46924322a0179_master.jpg","datePublished":"2026-04-17T19:26:48+00:00","dateModified":"2026-04-19T08:56:27+00:00","description":"Ivory Mesh Smocked Puff Set l\u00e0 set b\u00ed hai d\u00e2y n\u1eef t\u00ednh v\u1edbi thi\u1ebft k\u1ebf m\u1ec1m m\u1ea1i, hi\u1ec7n \u0111\u1ea1i v\u00e0 n\u1ed5i b\u1eadt. Ph\u00f9 h\u1ee3p \u0111i ch\u01a1i, ch\u1ee5p \u1ea3nh ho\u1eb7c d\u1ea1o ph\u1ed1.","breadcrumb":{"@id":"https:\/\/anhnoc.azdigi.shop\/?product=set-bi-hai-day-ivory-mesh-smocked-puff-set#breadcrumb"},"inLanguage":"vi","potentialAction":[{"@type":"ReadAction","target":["https:\/\/anhnoc.azdigi.shop\/?product=set-bi-hai-day-ivory-mesh-smocked-puff-set"]}]},{"@type":"ImageObject","inLanguage":"vi","@id":"https:\/\/anhnoc.azdigi.shop\/?product=set-bi-hai-day-ivory-mesh-smocked-puff-set#primaryimage","url":"https:\/\/anhnoc.azdigi.shop\/wp-content\/uploads\/2026\/04\/d_25782_7f643e36736340ffa9d46924322a0179_master.jpg","contentUrl":"https:\/\/anhnoc.azdigi.shop\/wp-content\/uploads\/2026\/04\/d_25782_7f643e36736340ffa9d46924322a0179_master.jpg","width":1365,"height":2048},{"@type":"BreadcrumbList","@id":"https:\/\/anhnoc.azdigi.shop\/?product=set-bi-hai-day-ivory-mesh-smocked-puff-set#breadcrumb","itemListElement":[{"@type":"ListItem","position":1,"name":"Trang ch\u1ee7","item":"https:\/\/anhnoc.azdigi.shop\/"},{"@type":"ListItem","position":2,"name":"C\u1eeda h\u00e0ng","item":"https:\/\/anhnoc.azdigi.shop\/?page_id=128"},{"@type":"ListItem","position":3,"name":"Set b\u00ed hai d\u00e2y Ivory Mesh Smocked Puff Set"}]},{"@type":"WebSite","@id":"https:\/\/anhnoc.azdigi.shop\/#website","url":"https:\/\/anhnoc.azdigi.shop\/","name":"Quanao","description":"","potentialAction":[{"@type":"SearchAction","target":{"@type":"EntryPoint","urlTemplate":"https:\/\/anhnoc.azdigi.shop\/?s={search_term_string}"},"query-input":{"@type":"PropertyValueSpecification","valueRequired":true,"valueName":"search_term_string"}}],"inLanguage":"vi"}]}},"_links":{"self":[{"href":"https:\/\/anhnoc.azdigi.shop\/index.php?rest_route=\/wp\/v2\/product\/288","targetHints":{"allow":["GET"]}}],"collection":[{"href":"https:\/\/anhnoc.azdigi.shop\/index.php?rest_route=\/wp\/v2\/product"}],"about":[{"href":"https:\/\/anhnoc.azdigi.shop\/index.php?rest_route=\/wp\/v2\/types\/product"}],"replies":[{"embeddable":true,"href":"https:\/\/anhnoc.azdigi.shop\/index.php?rest_route=%2Fwp%2Fv2%2Fcomments&post=288"}],"wp:featuredmedia":[{"embeddable":true,"href":"https:\/\/anhnoc.azdigi.shop\/index.php?rest_route=\/wp\/v2\/media\/292"}],"wp:attachment":[{"href":"https:\/\/anhnoc.azdigi.shop\/index.php?rest_route=%2Fwp%2Fv2%2Fmedia&parent=288"}],"wp:term":[{"taxonomy":"product_brand","embeddable":true,"href":"https:\/\/anhnoc.azdigi.shop\/index.php?rest_route=%2Fwp%2Fv2%2Fproduct_brand&post=288"},{"taxonomy":"product_cat","embeddable":true,"href":"https:\/\/anhnoc.azdigi.shop\/index.php?rest_route=%2Fwp%2Fv2%2Fproduct_cat&post=288"},{"taxonomy":"product_tag","embeddable":true,"href":"https:\/\/anhnoc.azdigi.shop\/index.php?rest_route=%2Fwp%2Fv2%2Fproduct_tag&post=288"}],"curies":[{"name":"wp","href":"https:\/\/api.w.org\/{rel}","templated":true}]}}